{"id":3,"date":"2022-05-25T21:14:38","date_gmt":"2022-05-25T19:14:38","guid":{"rendered":"https:\/\/www.unikocharter.com\/?page_id=3"},"modified":"2023-05-19T18:40:51","modified_gmt":"2023-05-19T16:40:51","slug":"privacy-policy","status":"publish","type":"page","link":"https:\/\/www.unikocharter.com\/index.php\/privacy-policy\/","title":{"rendered":"Privacy Policy"},"content":{"rendered":"\t\t<div data-elementor-type=\"wp-page\" data-elementor-id=\"3\" class=\"elementor elementor-3\">\n\t\t\t\t\t\t<section class=\"elementor-section elementor-top-section elementor-element elementor-element-382bd286 elementor-section-boxed elementor-section-height-default elementor-section-height-default qodef-elementor-content-no\" data-id=\"382bd286\" data-element_type=\"section\" data-e-type=\"section\">\n\t\t\t\t\t\t<div class=\"elementor-container elementor-column-gap-default\">\n\t\t\t\t\t<div class=\"elementor-column elementor-col-100 elementor-top-column elementor-element elementor-element-5628271d\" data-id=\"5628271d\" data-element_type=\"column\" data-e-type=\"column\">\n\t\t\t<div class=\"elementor-widget-wrap elementor-element-populated\">\n\t\t\t\t\t\t<div class=\"elementor-element elementor-element-a55479e elementor-widget elementor-widget-text-editor\" data-id=\"a55479e\" data-element_type=\"widget\" data-e-type=\"widget\" data-widget_type=\"text-editor.default\">\n\t\t\t\t<div class=\"elementor-widget-container\">\n\t\t\t\t\t\t\t\t\t<p><\/p>\n<p><strong>Uniko Charter Srl, Via Tuscania snc \u2013 Orte (VT) &nbsp;P.Iva 02399270566, proprietario del sito internet www.unikocharter.com, in qualit\u00e0 di titolare del trattamento dei dati personali degli utenti del Sito (di seguito, gli \u201cUtenti\u201d) fornisce qui di seguito l\u2019informativa privacy ai sensi dell\u2019art. 13 del D.Lgs. 196\/2003 (di seguito, il \u201cCodice Privacy\u201d) e ai sensi dell\u2019art. 13 del Regolamento UE 2016\/679 del 27 aprile 2016 (di seguito, \u201cRegolamento\u201d, il Regolamento e il Codice Privacy sono insieme definiti \u201cNormativa Applicabile\u201d). www.unikocharter.com non \u00e8 responsabile del modo in cui altri siti Web, esterni a www.unikocharter.com, tutelano la privacy degli utenti n\u00e9 dei contenuti da essi pubblicati.<\/strong><\/p>\n<p><\/p>\n<p><\/p>\n<p>L\u2019interessato, letta l\u2019informativa sotto riportata,accetta espressamente&nbsp;la registrazione ed il trattamento dei propri dati, nelle modalit\u00e0 sotto indicate. www.unikocharter.com&nbsp;utilizza Google Analytics, un servizio di analisi web fornito da Google, Inc. (\u201cGoogle\u201d). Google Analytics utilizza dei \u201ccookies\u201d, che sono file di testo che vengono depositati sul tuo computer per consentire al sito web di analizzare come gli utenti utilizzano il sito.<\/p>\n<p><\/p>\n<p><\/p>\n<p>www.unikocharter.com adotta utilizza Analytics in forma anonimizzata (rimozione dell\u2019ultimo blocco dell\u2019indirizzo IP).<\/p>\n<p><\/p>\n<p><\/p>\n<p>Le informazioni generate dal cookie sull\u2019utilizzo del sito web da parte tua (compreso il tuo indirizzo IP) verranno depositate presso i server di Google negli Stati Uniti. Google utilizzer\u00e0 queste informazioni allo scopo di tracciare e esaminare il Vostro utilizzo del sito web, compilare report sulle attivit\u00e0 del sito web per gli operatori del sito web e fornire altri servizi relativi alle attivit\u00e0 del sito web e all\u2019utilizzo di Internet. Google pu\u00f2 anche trasferire queste informazioni a terzi ove ci\u00f2 sia imposto dalla legge o laddove tali terzi trattino le suddette informazioni per conto di Google. Google non assocer\u00e0 il vostro indirizzo IP a nessun altro dato posseduto da Google. Puoi rifiutarti di usare i cookie selezionando l\u2019impostazione appropriata sul tuo browser, ma ci\u00f2 potrebbe impedirti di utilizzare tutte le funzionalit\u00e0 di questo sito web. Utilizzando il presente sito web, acconsenti al trattamento dei tuoi dati da parte di Google per le modalit\u00e0 e i fini sopraindicati.<\/p>\n<p><\/p>\n<p><\/p>\n<p><a href=\"\/index.php\/cookie-policy-ue\/\">Approfondisci le informazioni sull\u2019utilizzo dei cookie<\/a><\/p>\n<p><\/p>\n<p><\/p>\n<p><strong>Informativa Regolamento Europeo 679\/2016<\/strong><\/p>\n<p><\/p>\n<p><\/p>\n<p>L\u2019informativa si ispira al Regolamento Europeo 679\/2016 per individuare alcuni requisiti minimi per la raccolta di dati personali on-line, e, in particolare, le modalit\u00e0, i tempi e la natura delle informazioni che i titolari del trattamento devono fornire agli utenti quando questi si collegano a pagine web, indipendentemente dagli scopi del collegamento. La invitiamo quindi a prendere visione della nostra Politica di Privacy, di seguito illustrata. La Politica e gli Standard di Privacy utilizzati da www.unikocharter.com per la protezione dei dati personali sono fondati sui seguenti principi:<\/p>\n<p><\/p>\n<p><\/p>\n<p>1) PRINCIPIO DI RESPONSABILIT\u00c0<\/p>\n<p><\/p>\n<p><\/p>\n<p>Il trattamento di dati personali \u00e8 gestito nel tempo da apposite responsabilit\u00e0 individuate all\u2019interno dell\u2019organizzazione aziendale.<\/p>\n<p><\/p>\n<p><\/p>\n<p>2) PRINCIPIO DI TRASPARENZA<\/p>\n<p><\/p>\n<p><\/p>\n<p>I dati personali sono raccolti e successivamente trattati secondo i principi espressi dalla Politica di Privacy adottata da www.unikocharter.com indicati nella presente Privacy Policy. Al momento dell\u2019eventuale conferimento dei dati viene fornita all\u2019interessato un\u2019informativa, sintetica ma completa, secondo quanto previsto dall\u2019art. 15 del Regolamento Europeo 679\/2016<\/p>\n<p><\/p>\n<p><\/p>\n<p>3) PRINCIPIO DI PERTINENZA DELLA RACCOLTA<\/p>\n<p><\/p>\n<p><\/p>\n<p>I dati personali sono trattati in modo lecito e secondo correttezza; sono registrati per scopi determinati, espliciti e legittimi; sono pertinenti e non eccedenti le finalit\u00e0 del trattamento; sono conservati per il tempo necessario agli scopi della raccolta.<\/p>\n<p><\/p>\n<p><\/p>\n<p>4) PRINCIPIO DI FINALITA\u2019 DELL\u2019UTILIZZO<\/p>\n<p><\/p>\n<p><\/p>\n<p>Le finalit\u00e0 del trattamento dei dati personali sono rese note agli interessati al momento della raccolta. Eventuali nuovi trattamenti di dati, se estranei agli scopi dichiarati, sono attivati previa nuova informativa all\u2019interessato ed eventuale richiesta di consenso, quando richiesto dal Regolamento Europeo 679\/2016. In ogni caso, i dati personali non sono comunicati a terzi o diffusi senza il preventivo consenso dell\u2019interessato, salvo nei casi espressamente indicati dall\u2019art. 18 del Regolamento Europeo 679\/2016.<\/p>\n<p><\/p>\n<p><\/p>\n<p>5) PRINCIPIO DI VERIFICABILIT\u00c0<\/p>\n<p><\/p>\n<p><\/p>\n<p>I dati personali sono esatti ed aggiornati nel tempo. Sono altres\u00ec organizzati e conservati in modo che sia data all\u2019interessato la possibilit\u00e0 di conoscere, se lo desidera, quali dati sono stati raccolti e registrati, nonch\u00e9 di controllarne la qualit\u00e0 e richiederne l\u2019eventuale correzione, integrazione, cancellazione per violazione di legge od opposizione al trattamento e di esercitare tutti gli altri diritti, ai sensi e nei limiti dell\u2019art. 18 del Regolamento Europeo 679\/2016, presso gli indirizzi indicati nelle Informative ex art. 15 del Regolamento Europeo 679\/2016 presenti nei siti di www.unikocharter.com.<\/p>\n<p><\/p>\n<p><\/p>\n<p>6) PRINCIPIO DI SICUREZZA<\/p>\n<p><\/p>\n<p><\/p>\n<p>I dati personali sono protetti da misure di sicurezza tecniche, informatiche, organizzative, logistiche e procedurali, contro i rischi di distruzione o perdita, anche accidentale, e di accesso non autorizzato o di trattamento non consentito. Tali misure sono aggiornate periodicamente in base al progresso tecnico, alla natura dei dati e alle specifiche caratteristiche del trattamento, controllate costantemente e verificate nel tempo.<\/p>\n<p><\/p>\n<p><\/p>\n<p><strong>Raccolta delle informazioni personali<\/strong><\/p>\n<p><\/p>\n<p><\/p>\n<p>Nell\u2019ambito di alcune pagine e sezioni del portale e dei siti di propriet\u00e0, www.unikocharter.com pu\u00f2, attraverso appositi form, raccogliere informazioni personali quali, ad esempio, l\u2019indirizzo e-mail, il nome. www.unikocharter.com pu\u00f2, inoltre, raccogliere dati demografici.<\/p>\n<p><\/p>\n<p><\/p>\n<p>www.unikocharter.com raccoglie, infine, alcune informazioni riguardanti l\u2019hardware ed il software del tuo computer e l\u2019indirizzo di rete. Tali informazioni possono comprendere: indirizzo IP, tipo di browser, nomi di dominio, ore di accesso e indirizzi di siti Web di provenienza. Queste informazioni sono utilizzate da Www.unikocharter.com per garantire il buon funzionamento e l\u2019elevata qualit\u00e0 dei propri servizi e fornire eventuali statistiche.<\/p>\n<p><\/p>\n<p><\/p>\n<p>www.unikocharter.com conserva traccia delle pagine visitate dagli utenti all\u2019interno dei propri siti per monitorare le visite e il gradimento delle sezioni, dei servizi offerti, delle singole pagine. Tali dati possono, inoltre, essere utilizzati da Www.unikocharter.com per erogare ulteriori contenuti agli utenti che manifestino espressamente un interesse per un\u2019area specifica.<\/p>\n<p><\/p>\n<p><\/p>\n<p><strong>Utilizzo delle informazioni personali<\/strong><\/p>\n<p><\/p>\n<p><\/p>\n<p>www.unikocharter.com e i relativi partner raccoglie e utilizza i dati personali per garantire il buon funzionamento dei propri siti e per fornire all\u2019utente i servizi eventualmente richiesti. Inoltre, tali dati sono utilizzati da www.unikocharter.com per aggiornarti sulla disponibilit\u00e0 di nuovi prodotti e servizi realizzati da www.unikocharter.com e\/o da societ\u00e0 controllate e\/o affiliate. www.unikocharter.com. Infine, i dati saranno necessari qualora di richiedessero informazioni mediante appositi form (es. Richiesta disponibilit\u00e0).<br><\/p>\n<p><\/p>\n<p><\/p>\n<p><strong>Registrazione al sito\/newsletter<\/strong><\/p>\n<p><\/p>\n<p><\/p>\n<p>\u00c8 possibile registrarsi gratuitamente al sito\/newsletter www.unikocharter.com. Questa registrazione comporta la contestuale iscrizione alla mailing list www.unikocharter.com. Per registrarsi, occorre seguire la procedura guidata implementata sulle pagine del www.unikocharter.com e, in ogni momento, \u00e8 possibile decidere di cancellare la propria registrazione dalla lista. L\u2019iscrizione nella lista www.unikocharter.com consentir\u00e0 di inviare all\u2019indirizzo email inserito anche informazioni relative ad eventuali eventi www.unikocharter.com.<\/p>\n<p><\/p>\n<p><\/p>\n<p>www.unikocharter.com non utilizza n\u00e9 divulga dati personali sensibili, come quelli relativi a razza, religione e affiliazioni politiche, ecc. (art. 9, comma 1, del Regolamento Europeo 679\/2016).<\/p>\n<p><\/p>\n<p><\/p>\n<p>www.unikocharter.com pu\u00f2 accedere e\/o divulgare i dati personali solo se ci\u00f2 \u00e8 richiesto dalla legge o qualora si ritenga in buona fede che tale azione sia necessaria per: (a) assicurare l\u2019adempimento della legge o la conformit\u00e0 alle disposizioni legislative in caso di azioni legali intentate contro www.unikocharter.com o il sito Web; (b) proteggere e difendere i diritti o la propriet\u00e0 di www.unikocharter.com; (c) agire, in circostanze particolari, al fine di proteggere la sicurezza personale degli utenti Www.unikocharter.com e dei relativi siti Web o nel pubblico interesse.<\/p>\n<p><\/p>\n<p><\/p>\n<p><strong>E-mail<\/strong><\/p>\n<p><\/p>\n<p><\/p>\n<p>Per non ricevere ulteriori email www.unikocharter.com, \u00e8 sufficiente attenersi alle specifiche istruzioni riportate nei messaggi da te ricevuti. Le istruzioni illustrano come interrompere la ricezione delle email.<\/p>\n<p><\/p>\n<p><\/p>\n<p><strong>Protezione delle informazioni personali<\/strong><\/p>\n<p><\/p>\n<p><\/p>\n<p>www.unikocharter.com si impegna a proteggere con la massima diligenza le informazioni personali conferite. Le diverse tecnologie e procedure utilizzate sono finalizzate a proteggere i dati personali comunicati dall\u2019accesso, l\u2019uso o la divulgazione non autorizzati. Ad esempio, essi sono memorizzati su sistemi di computer ad accesso limitato, collocati in strutture controllate e protette.<\/p>\n<p><\/p>\n<p><\/p>\n<p>www.unikocharter.com conduce attivit\u00e0 periodiche di \u201cAnalisi dei rischi\u201d per verificare ed eventualmente adottare nuove misure di sicurezza a seguito di cambiamenti organizzativi e innovazioni tecnologiche o cambiamenti nella tipologia di dati raccolti. I soggetti cui si riferiscono i dati personali hanno il diritto in qualunque momento di ottenere la conferma dell\u2019esistenza o meno dei medesimi dati e di conoscerne il contenuto e l\u2019origine, verificarne l\u2019esattezza o chiederne l\u2019integrazione o l\u2019aggiornamento, oppure la rettificazione (art. 15 del Regolamento Europeo 679\/2016).<\/p>\n<p><\/p>\n<div>&nbsp;<\/div>\n<div>&nbsp;<\/div>\n<div>TITOLARE DEL TRATTAMENTO:<br>Uniko Charter Srl &#8211; Via Tuscania snc<\/div>\n<div>01028 ORTE (Viterbo)<\/div>\n<div>Email: <a href=\"mailto:info@unikocharter.com\" target=\"_blank\" rel=\"noopener\">info@unikocharter.com<\/a><\/div>\n<div>&nbsp;<\/div>\n<div>&nbsp;<\/div>\t\t\t\t\t\t\t\t<\/div>\n\t\t\t\t<\/div>\n\t\t\t\t\t<\/div>\n\t\t<\/div>\n\t\t\t\t\t<\/div>\n\t\t<\/section>\n\t\t\t\t<\/div>\n\t\t","protected":false},"excerpt":{"rendered":"<p>Uniko Charter Srl, Via Tuscania snc \u2013 Orte (VT) &nbsp;P.Iva 02399270566, proprietario del sito internet www.unikocharter.com, in qualit\u00e0 di titolare del trattamento dei dati personali degli utenti del Sito (di seguito, gli \u201cUtenti\u201d) fornisce qui di seguito l\u2019informativa privacy ai sensi dell\u2019art. 13 del D.Lgs. 196\/2003 (di seguito, il \u201cCodice Privacy\u201d) e ai sensi dell\u2019art. [&hellip;]<\/p>\n","protected":false},"author":1,"featured_media":0,"parent":0,"menu_order":0,"comment_status":"closed","ping_status":"closed","template":"","meta":{"footnotes":""},"class_list":["post-3","page","type-page","status-publish","hentry"],"rttpg_featured_image_url":null,"rttpg_author":{"display_name":"unchart_admin","author_link":"https:\/\/www.unikocharter.com\/index.php\/author\/unchart_admin\/"},"rttpg_comment":0,"rttpg_category":" <a href=\"https:\/\/www.unikocharter.com\/\" rel=\"tag\">Italiano<\/a>","rttpg_excerpt":"Uniko Charter Srl, Via Tuscania snc \u2013 Orte (VT) &nbsp;P.Iva 02399270566, proprietario del sito internet www.unikocharter.com, in qualit\u00e0 di titolare del trattamento dei dati personali degli utenti del Sito (di seguito, gli \u201cUtenti\u201d) fornisce qui di seguito l\u2019informativa privacy ai sensi dell\u2019art. 13 del D.Lgs. 196\/2003 (di seguito, il \u201cCodice Privacy\u201d) e ai sensi dell\u2019art.&hellip;","_links":{"self":[{"href":"https:\/\/www.unikocharter.com\/index.php\/wp-json\/wp\/v2\/pages\/3","targetHints":{"allow":["GET"]}}],"collection":[{"href":"https:\/\/www.unikocharter.com\/index.php\/wp-json\/wp\/v2\/pages"}],"about":[{"href":"https:\/\/www.unikocharter.com\/index.php\/wp-json\/wp\/v2\/types\/page"}],"author":[{"embeddable":true,"href":"https:\/\/www.unikocharter.com\/index.php\/wp-json\/wp\/v2\/users\/1"}],"replies":[{"embeddable":true,"href":"https:\/\/www.unikocharter.com\/index.php\/wp-json\/wp\/v2\/comments?post=3"}],"version-history":[{"count":14,"href":"https:\/\/www.unikocharter.com\/index.php\/wp-json\/wp\/v2\/pages\/3\/revisions"}],"predecessor-version":[{"id":6451,"href":"https:\/\/www.unikocharter.com\/index.php\/wp-json\/wp\/v2\/pages\/3\/revisions\/6451"}],"wp:attachment":[{"href":"https:\/\/www.unikocharter.com\/index.php\/wp-json\/wp\/v2\/media?parent=3"}],"curies":[{"name":"wp","href":"https:\/\/api.w.org\/{rel}","templated":true}]}}